{"id":49,"date":"2026-04-29T21:08:08","date_gmt":"2026-04-29T19:08:08","guid":{"rendered":"https:\/\/www.fc-engstingen.de\/?page_id=49"},"modified":"2026-04-30T12:56:38","modified_gmt":"2026-04-30T10:56:38","slug":"funktionaere","status":"publish","type":"page","link":"https:\/\/www.fc-engstingen.de\/?page_id=49","title":{"rendered":"Funktion\u00e4re"},"content":{"rendered":"\n<p class=\"has-medium-font-size\">Seit dem Jahr 2021 wird der FCE von einer gleichberechtigten Vorstandschaft, aktuell bestehend aus f\u00fcnf Vost\u00e4nden, geleitet:<\/p>\n\n\n\n<p class=\"has-medium-font-size\">Vorst\u00e4nde<\/p>\n\n\n\n<p class=\"has-medium-font-size\">Mario Werz (Vorstand Sport)<br>Marco Dreher (Vorstand Sport)<br>Alexandra V\u00f6hringer (Vorstand Sport &#8211; Damenfu\u00dfball)<br>Stefan Baisch (Vorstand Marketing)<br>Markus V\u00f6hringer (Vorstand Wirtschaft)<\/p>\n\n\n\n<p class=\"has-medium-font-size\">Der Vorstand wird vom Ausschuss komplettiert:<\/p>\n\n\n\n<p class=\"has-medium-font-size\">Ausschuss<\/p>\n\n\n\n<p class=\"has-medium-font-size\">Michael Lutz (Kassier)<br>Unbesetzt (Jugendleiter)<br>Finn Halder (Spielleiter)<br>Tobias H\u00f6h (Sportheimbetrieb)<\/p>\n\n\n\n<p class=\"has-medium-font-size\">Bei Fragen k\u00f6nnt ihr uns jederzeit per Mail unter info@fc-engstingen.de kontaktieren!<\/p>\n","protected":false},"excerpt":{"rendered":"<p>Seit dem Jahr 2021 wird der FCE von einer gleichberechtigten Vorstandschaft, aktuell bestehend aus f\u00fcnf Vost\u00e4nden, geleitet: Vorst\u00e4nde Mario Werz (Vorstand Sport)Marco Dreher (Vorstand Sport)Alexandra V\u00f6hringer (Vorstand Sport &#8211; Damenfu\u00dfball)Stefan Baisch (Vorstand Marketing)Markus V\u00f6hringer (Vorstand Wirtschaft) Der Vorstand wird vom &hellip; <a href=\"https:\/\/www.fc-engstingen.de\/?page_id=49\">Weiterlesen <span class=\"meta-nav\">&rarr;<\/span><\/a><\/p>\n","protected":false},"author":1,"featured_media":0,"parent":0,"menu_order":0,"comment_status":"closed","ping_status":"closed","template":"","meta":{"footnotes":""},"class_list":["post-49","page","type-page","status-publish","hentry"],"_links":{"self":[{"href":"https:\/\/www.fc-engstingen.de\/index.php?rest_route=\/wp\/v2\/pages\/49","targetHints":{"allow":["GET"]}}],"collection":[{"href":"https:\/\/www.fc-engstingen.de\/index.php?rest_route=\/wp\/v2\/pages"}],"about":[{"href":"https:\/\/www.fc-engstingen.de\/index.php?rest_route=\/wp\/v2\/types\/page"}],"author":[{"embeddable":true,"href":"https:\/\/www.fc-engstingen.de\/index.php?rest_route=\/wp\/v2\/users\/1"}],"replies":[{"embeddable":true,"href":"https:\/\/www.fc-engstingen.de\/index.php?rest_route=%2Fwp%2Fv2%2Fcomments&post=49"}],"version-history":[{"count":2,"href":"https:\/\/www.fc-engstingen.de\/index.php?rest_route=\/wp\/v2\/pages\/49\/revisions"}],"predecessor-version":[{"id":166,"href":"https:\/\/www.fc-engstingen.de\/index.php?rest_route=\/wp\/v2\/pages\/49\/revisions\/166"}],"wp:attachment":[{"href":"https:\/\/www.fc-engstingen.de\/index.php?rest_route=%2Fwp%2Fv2%2Fmedia&parent=49"}],"curies":[{"name":"wp","href":"https:\/\/api.w.org\/{rel}","templated":true}]}}